{"id":364,"date":"2022-11-28T13:26:17","date_gmt":"2022-11-28T13:26:17","guid":{"rendered":"https:\/\/www.stylingwithkarima.com\/imprint\/"},"modified":"2022-12-08T17:57:46","modified_gmt":"2022-12-08T17:57:46","slug":"impressum","status":"publish","type":"page","link":"https:\/\/www.stylingwithkarima.com\/de\/impressum\/","title":{"rendered":"Impressum"},"content":{"rendered":"<p>[et_pb_section fb_built=&#8220;1&#8243; _builder_version=&#8220;4.19.1&#8243; _module_preset=&#8220;default&#8220; background_color=&#8220;rgba(236,233,228,0.5)&#8220; global_colors_info=&#8220;{}&#8220;][et_pb_row _builder_version=&#8220;4.19.1&#8243; _module_preset=&#8220;default&#8220; global_colors_info=&#8220;{}&#8220;][et_pb_column type=&#8220;4_4&#8243; _builder_version=&#8220;4.19.1&#8243; _module_preset=&#8220;default&#8220; global_colors_info=&#8220;{}&#8220;][et_pb_text _builder_version=&#8220;4.19.2&#8243; _module_preset=&#8220;default&#8220; header_font_size=&#8220;40px&#8220; hover_enabled=&#8220;0&#8243; global_colors_info=&#8220;{}&#8220; sticky_enabled=&#8220;0&#8243;]<\/p>\n<h1>Impressum<\/h1>\n<p>&nbsp;<\/p>\n<p><strong>Karima Benamara<br \/><\/strong>Liechtensteinstra\u00dfe 80\/21<br \/>A &#8211; 1090 Wien<\/p>\n<p>+43 (0) 676 372 98 73<br \/><a href=\"mailto:info@stylingwithkarima.com\">info@stylingwithkarima.com<\/a><\/p>\n<p>Mitglied bei der Wirtschaftskammer Wien<\/p>\n<p>Fachgruppe: Pers\u00f6nliche Dienstleister<br \/>Berufsgruppe: Farb-, Typ-, Stil- und Imageberatung<\/p>\n<p>&nbsp;<\/p>\n<p>Webdesign &amp; Entwicklung: <a href=\"https:\/\/www.stefaniewagner.at\/\" target=\"_blank\" rel=\"noopener\">Stefanie Wagner<\/a><br \/>Fotos: <a href=\"https:\/\/www.instagram.com\/ab_fotografieren\/\" target=\"_blank\" rel=\"noopener\">ab_fotografieren by Abdul<\/a><br \/>Text: <a href=\"https:\/\/www.katandcarmel.com\/\" target=\"_blank\" rel=\"noopener\">Kathryn Nenning<\/a><\/p>\n<p>&nbsp;<\/p>\n<p><strong>Urheberrecht<\/strong><\/p>\n<p>Alle Bilder sind urheberrechtlich gesch\u00fctzt. Die Urheberrechte liegen bei Karima Benamara. Jede Verwendung der Bilder bedarf meiner ausdr\u00fccklichen schriftlichen Genehmigung. F\u00fcr Anfragen schicken Sie mir bitte eine E-Mail.<\/p>\n<p>[\/et_pb_text][\/et_pb_column][\/et_pb_row][\/et_pb_section]<\/p>\n","protected":false},"excerpt":{"rendered":"<p>Impressum &nbsp; Karima BenamaraLiechtensteinstra\u00dfe 80\/21A &#8211; 1090 Wien +43 (0) 676 372 98 73info@stylingwithkarima.com Mitglied bei der Wirtschaftskammer Wien Fachgruppe: Pers\u00f6nliche DienstleisterBerufsgruppe: Farb-, Typ-, Stil- und Imageberatung &nbsp; Webdesign &amp; Entwicklung: Stefanie WagnerFotos: ab_fotografieren by AbdulText: Kathryn Nenning &nbsp; Urheberrecht Alle Bilder sind urheberrechtlich gesch\u00fctzt. Die Urheberrechte liegen bei Karima Benamara. Jede Verwendung der Bilder bedarf meiner ausdr\u00fccklichen schriftlichen Genehmigung. F\u00fcr Anfragen schicken Sie mir bitte eine E-Mail.<\/p>\n","protected":false},"author":1,"featured_media":0,"parent":0,"menu_order":0,"comment_status":"closed","ping_status":"closed","template":"","meta":{"_et_pb_use_builder":"on","_et_pb_old_content":"","_et_gb_content_width":"","footnotes":""},"class_list":["post-364","page","type-page","status-publish","hentry"],"_links":{"self":[{"href":"https:\/\/www.stylingwithkarima.com\/de\/wp-json\/wp\/v2\/pages\/364","targetHints":{"allow":["GET"]}}],"collection":[{"href":"https:\/\/www.stylingwithkarima.com\/de\/wp-json\/wp\/v2\/pages"}],"about":[{"href":"https:\/\/www.stylingwithkarima.com\/de\/wp-json\/wp\/v2\/types\/page"}],"author":[{"embeddable":true,"href":"https:\/\/www.stylingwithkarima.com\/de\/wp-json\/wp\/v2\/users\/1"}],"replies":[{"embeddable":true,"href":"https:\/\/www.stylingwithkarima.com\/de\/wp-json\/wp\/v2\/comments?post=364"}],"version-history":[{"count":7,"href":"https:\/\/www.stylingwithkarima.com\/de\/wp-json\/wp\/v2\/pages\/364\/revisions"}],"predecessor-version":[{"id":403,"href":"https:\/\/www.stylingwithkarima.com\/de\/wp-json\/wp\/v2\/pages\/364\/revisions\/403"}],"wp:attachment":[{"href":"https:\/\/www.stylingwithkarima.com\/de\/wp-json\/wp\/v2\/media?parent=364"}],"curies":[{"name":"wp","href":"https:\/\/api.w.org\/{rel}","templated":true}]}}